{"id":920,"date":"2025-11-19T11:32:18","date_gmt":"2025-11-19T10:32:18","guid":{"rendered":"https:\/\/epoxynajka.pl\/?post_type=product&#038;p=920"},"modified":"2025-11-19T11:39:57","modified_gmt":"2025-11-19T10:39:57","slug":"miseczka-kolorowa-gipsowka-zloto","status":"publish","type":"product","link":"https:\/\/epoxynajka.pl\/index.php\/produkt\/miseczka-kolorowa-gipsowka-zloto\/","title":{"rendered":"Miseczka kolorowa gips\u00f3wka &#038; z\u0142oto"},"content":{"rendered":"<p>P\u0142ytka miseczka z \u017cywicy z zatopion\u0105 kolorow\u0105 gips\u00f3wk\u0105 i z\u0142otym akcentem, tworz\u0105ca lekk\u0105, kwiatow\u0105 kompozycj\u0119 zamkni\u0119t\u0105 w przejrzystej formie. Idealna na bi\u017cuteri\u0119, klucze lub drobne dekoracje. Trwa\u0142a, estetyczna i r\u0119cznie wykonana \u2014 doda wn\u0119trzu subtelnego, naturalnego uroku.<\/p>\n<p>Zdj\u0119cie ma charakter pogl\u0105dowy. Ka\u017cdy przedmiot mo\u017ce nieznacznie r\u00f3\u017cni\u0107 si\u0119 od zdj\u0119cia \u2013 to naturalne przy tworzeniu r\u0119kodzie\u0142a z prawdziwych ro\u015blin.<\/p>\n","protected":false},"excerpt":{"rendered":"<p>P\u0142ytka miseczka z \u017cywicy z zatopion\u0105 kolorow\u0105 gips\u00f3wk\u0105 i z\u0142otym akcentem<\/p>\n","protected":false},"featured_media":921,"template":"","meta":[],"product_brand":[],"product_cat":[18,34],"product_tag":[],"class_list":{"0":"post-920","1":"product","2":"type-product","3":"status-publish","4":"has-post-thumbnail","6":"product_cat-do-domu","7":"product_cat-miseczki","8":"product_shipping_class-mala","10":"first","11":"instock","12":"shipping-taxable","13":"purchasable","14":"product-type-simple"},"_links":{"self":[{"href":"https:\/\/epoxynajka.pl\/index.php\/wp-json\/wp\/v2\/product\/920","targetHints":{"allow":["GET"]}}],"collection":[{"href":"https:\/\/epoxynajka.pl\/index.php\/wp-json\/wp\/v2\/product"}],"about":[{"href":"https:\/\/epoxynajka.pl\/index.php\/wp-json\/wp\/v2\/types\/product"}],"wp:featuredmedia":[{"embeddable":true,"href":"https:\/\/epoxynajka.pl\/index.php\/wp-json\/wp\/v2\/media\/921"}],"wp:attachment":[{"href":"https:\/\/epoxynajka.pl\/index.php\/wp-json\/wp\/v2\/media?parent=920"}],"wp:term":[{"taxonomy":"product_brand","embeddable":true,"href":"https:\/\/epoxynajka.pl\/index.php\/wp-json\/wp\/v2\/product_brand?post=920"},{"taxonomy":"product_cat","embeddable":true,"href":"https:\/\/epoxynajka.pl\/index.php\/wp-json\/wp\/v2\/product_cat?post=920"},{"taxonomy":"product_tag","embeddable":true,"href":"https:\/\/epoxynajka.pl\/index.php\/wp-json\/wp\/v2\/product_tag?post=920"}],"curies":[{"name":"wp","href":"https:\/\/api.w.org\/{rel}","templated":true}]}}