{"id":890,"date":"2025-09-23T18:11:03","date_gmt":"2025-09-23T16:11:03","guid":{"rendered":"https:\/\/epoxynajka.pl\/?post_type=product&#038;p=890"},"modified":"2025-12-01T20:31:34","modified_gmt":"2025-12-01T19:31:34","slug":"torba-kwiaty-2","status":"publish","type":"product","link":"https:\/\/epoxynajka.pl\/index.php\/produkt\/torba-kwiaty-2\/","title":{"rendered":"Torba kwiaty"},"content":{"rendered":"<p>Torebka z kwiatowym nadrukiem \u2013 modny dodatek na ka\u017cd\u0105 okazj\u0119<\/p>\n<p>Szukasz stylowej torebki z kwiatowym printem? Nasz model \u0142\u0105czy modny wygl\u0105d z praktyczno\u015bci\u0105. Doskonale sprawdzi si\u0119 jako torebka do pracy, na spacer lub zakupy. Dzi\u0119ki pi\u0119knemu, kwiatowemu wzorowi o\u017cywi ka\u017cd\u0105 stylizacj\u0119 \u2013 zar\u00f3wno wiosenn\u0105, jak i jesienn\u0105.<\/p>\n<p>\ud83d\udd39 Lekka i wygodna<\/p>\n<p>\ud83d\udd39 Idealna jako prezent dla bliskiej osoby<\/p>\n<p>\ud83d\udd39 Dost\u0119pna w kilku wersjach kolorystycznych<\/p>\n<p>Materia\u0142: p\u0142\u00f3tno poliestrowe<\/p>\n<p>&nbsp;<\/p>\n<p>Wymiary : ok 39x34cm<\/p>\n<p>&nbsp;<\/p>\n<p>&nbsp;<\/p>\n<p>&nbsp;<\/p>\n","protected":false},"excerpt":{"rendered":"<p>Torebka z kwiatowym nadrukiem<\/p>\n","protected":false},"featured_media":870,"template":"","meta":[],"product_brand":[],"product_cat":[30],"product_tag":[],"class_list":{"0":"post-890","1":"product","2":"type-product","3":"status-publish","4":"has-post-thumbnail","6":"product_cat-torby","7":"product_shipping_class-mala","9":"first","10":"instock","11":"shipping-taxable","12":"purchasable","13":"product-type-variable"},"_links":{"self":[{"href":"https:\/\/epoxynajka.pl\/index.php\/wp-json\/wp\/v2\/product\/890","targetHints":{"allow":["GET"]}}],"collection":[{"href":"https:\/\/epoxynajka.pl\/index.php\/wp-json\/wp\/v2\/product"}],"about":[{"href":"https:\/\/epoxynajka.pl\/index.php\/wp-json\/wp\/v2\/types\/product"}],"wp:featuredmedia":[{"embeddable":true,"href":"https:\/\/epoxynajka.pl\/index.php\/wp-json\/wp\/v2\/media\/870"}],"wp:attachment":[{"href":"https:\/\/epoxynajka.pl\/index.php\/wp-json\/wp\/v2\/media?parent=890"}],"wp:term":[{"taxonomy":"product_brand","embeddable":true,"href":"https:\/\/epoxynajka.pl\/index.php\/wp-json\/wp\/v2\/product_brand?post=890"},{"taxonomy":"product_cat","embeddable":true,"href":"https:\/\/epoxynajka.pl\/index.php\/wp-json\/wp\/v2\/product_cat?post=890"},{"taxonomy":"product_tag","embeddable":true,"href":"https:\/\/epoxynajka.pl\/index.php\/wp-json\/wp\/v2\/product_tag?post=890"}],"curies":[{"name":"wp","href":"https:\/\/api.w.org\/{rel}","templated":true}]}}