{"id":854,"date":"2025-09-23T14:19:56","date_gmt":"2025-09-23T12:19:56","guid":{"rendered":"https:\/\/epoxynajka.pl\/?post_type=product&#038;p=854"},"modified":"2025-12-01T20:31:34","modified_gmt":"2025-12-01T19:31:34","slug":"breloczek-literka-roza-zloto","status":"publish","type":"product","link":"https:\/\/epoxynajka.pl\/index.php\/produkt\/breloczek-literka-roza-zloto\/","title":{"rendered":"Breloczek literka r\u00f3\u017ca &#038; z\u0142oto"},"content":{"rendered":"<p>Personalizowany breloczek z \u017cywicy \u2013 literka z p\u0142atkami r\u00f3\u017cy i z\u0142otym akcentem<\/p>\n<p>&nbsp;<\/p>\n<p><strong>WA\u017bNE!!!<\/strong><\/p>\n<p><strong>W UWAGACH DO ZAM\u00d3WIENIA PROSZ\u0118 PODA\u0106 LITERK\u0118 JAK\u0104 CHC\u0104 PA\u0143STWO ZAM\u00d3WI\u0106.\u00a0<\/strong><\/p>\n<p>&nbsp;<\/p>\n<p>R\u0119cznie wykonany breloczek z transparentnej \u017cywicy to wyj\u0105tkowy, spersonalizowany dodatek, kt\u00f3ry \u0142\u0105czy naturalne pi\u0119kno i subteln\u0105 elegancj\u0119. Delikatne p\u0142atki r\u00f3\u017cy &#8211; symbolu mi\u0142o\u015bci zatopione wewn\u0105trz,\u00a0 dope\u0142niaj\u0105 z\u0142ote drobinki. Idealny jako prezent \u2013 dla bliskiej osoby lub&#8230; dla siebie.<\/p>\n<p>&nbsp;<\/p>\n<p>\ud83c\udf38 R\u0119kodzie\u0142o na zam\u00f3wienie<\/p>\n<p>\ud83c\udf38 Mo\u017cliwo\u015b\u0107 wyboru dowolnej literki<\/p>\n<p>\ud83c\udf38 Ka\u017cdy breloczek jest unikalny \u2013 jak osoba, dla kt\u00f3rej powstaje.<\/p>\n<p>&nbsp;<\/p>\n<p>UWAGA: Produkt na zam\u00f3wienie- czas wysy\u0142ki mo\u017ce si\u0119 wyd\u0142u\u017cy\u0107<\/p>\n","protected":false},"excerpt":{"rendered":"<p>Personalizowany breloczek z \u017cywicy \u2013 literka z p\u0142atkami r\u00f3\u017cy i z\u0142otym akcentem<\/p>\n","protected":false},"featured_media":836,"template":"","meta":[],"product_brand":[],"product_cat":[22],"product_tag":[],"class_list":{"0":"post-854","1":"product","2":"type-product","3":"status-publish","4":"has-post-thumbnail","6":"product_cat-breloczki","7":"product_shipping_class-mini","9":"first","10":"onbackorder","11":"shipping-taxable","12":"purchasable","13":"product-type-variable"},"_links":{"self":[{"href":"https:\/\/epoxynajka.pl\/index.php\/wp-json\/wp\/v2\/product\/854","targetHints":{"allow":["GET"]}}],"collection":[{"href":"https:\/\/epoxynajka.pl\/index.php\/wp-json\/wp\/v2\/product"}],"about":[{"href":"https:\/\/epoxynajka.pl\/index.php\/wp-json\/wp\/v2\/types\/product"}],"wp:featuredmedia":[{"embeddable":true,"href":"https:\/\/epoxynajka.pl\/index.php\/wp-json\/wp\/v2\/media\/836"}],"wp:attachment":[{"href":"https:\/\/epoxynajka.pl\/index.php\/wp-json\/wp\/v2\/media?parent=854"}],"wp:term":[{"taxonomy":"product_brand","embeddable":true,"href":"https:\/\/epoxynajka.pl\/index.php\/wp-json\/wp\/v2\/product_brand?post=854"},{"taxonomy":"product_cat","embeddable":true,"href":"https:\/\/epoxynajka.pl\/index.php\/wp-json\/wp\/v2\/product_cat?post=854"},{"taxonomy":"product_tag","embeddable":true,"href":"https:\/\/epoxynajka.pl\/index.php\/wp-json\/wp\/v2\/product_tag?post=854"}],"curies":[{"name":"wp","href":"https:\/\/api.w.org\/{rel}","templated":true}]}}