{"id":816,"date":"2025-08-29T16:55:07","date_gmt":"2025-08-29T14:55:07","guid":{"rendered":"https:\/\/epoxynajka.pl\/?post_type=product&#038;p=816"},"modified":"2025-11-18T15:32:42","modified_gmt":"2025-11-18T14:32:42","slug":"kolczyki-niezapominajki-bombki","status":"publish","type":"product","link":"https:\/\/epoxynajka.pl\/index.php\/produkt\/kolczyki-niezapominajki-bombki\/","title":{"rendered":"Kolczyki niezapominajki bombki"},"content":{"rendered":"<p>Kolczyki wisz\u0105ce niezapominajki<\/p>\n<p>&nbsp;<\/p>\n<p>Delikatne, r\u0119cznie wykonane kolczyki wisz\u0105ce z zatopionymi niezapominajkami \u2013 symbolem pami\u0119ci, wierno\u015bci i prawdziwego uczucia.<\/p>\n<p>Materia\u0142 : \u017cywica z zatopionymi kwiatami niezapominajek, baza hipoalergiczna mied\u017a posrebrzana S925, gumowe zatyczki.<\/p>\n<p>Zdj\u0119cie ma charakter pogl\u0105dowy. Ka\u017cdy przedmiot mo\u017ce nieznacznie r\u00f3\u017cni\u0107 si\u0119 od zdj\u0119cia \u2013 to naturalne przy tworzeniu r\u0119kodzie\u0142a z prawdziwych ro\u015blin.<\/p>\n","protected":false},"excerpt":{"rendered":"<p>Kolczyki wisz\u0105ce bombki z niezapominajkami i z\u0142otym akcentem.<\/p>\n","protected":false},"featured_media":813,"template":"","meta":[],"product_brand":[],"product_cat":[21,23],"product_tag":[],"class_list":{"0":"post-816","1":"product","2":"type-product","3":"status-publish","4":"has-post-thumbnail","6":"product_cat-bizuteria","7":"product_cat-kolczyki","8":"product_shipping_class-mini","10":"first","11":"instock","12":"sale","13":"shipping-taxable","14":"purchasable","15":"product-type-simple"},"_links":{"self":[{"href":"https:\/\/epoxynajka.pl\/index.php\/wp-json\/wp\/v2\/product\/816","targetHints":{"allow":["GET"]}}],"collection":[{"href":"https:\/\/epoxynajka.pl\/index.php\/wp-json\/wp\/v2\/product"}],"about":[{"href":"https:\/\/epoxynajka.pl\/index.php\/wp-json\/wp\/v2\/types\/product"}],"wp:featuredmedia":[{"embeddable":true,"href":"https:\/\/epoxynajka.pl\/index.php\/wp-json\/wp\/v2\/media\/813"}],"wp:attachment":[{"href":"https:\/\/epoxynajka.pl\/index.php\/wp-json\/wp\/v2\/media?parent=816"}],"wp:term":[{"taxonomy":"product_brand","embeddable":true,"href":"https:\/\/epoxynajka.pl\/index.php\/wp-json\/wp\/v2\/product_brand?post=816"},{"taxonomy":"product_cat","embeddable":true,"href":"https:\/\/epoxynajka.pl\/index.php\/wp-json\/wp\/v2\/product_cat?post=816"},{"taxonomy":"product_tag","embeddable":true,"href":"https:\/\/epoxynajka.pl\/index.php\/wp-json\/wp\/v2\/product_tag?post=816"}],"curies":[{"name":"wp","href":"https:\/\/api.w.org\/{rel}","templated":true}]}}