{"id":815,"date":"2025-08-29T16:52:47","date_gmt":"2025-08-29T14:52:47","guid":{"rendered":"https:\/\/epoxynajka.pl\/?post_type=product&#038;p=815"},"modified":"2025-11-18T15:33:06","modified_gmt":"2025-11-18T14:33:06","slug":"kolczyki-niezapominajki-odwrocona-kropla","status":"publish","type":"product","link":"https:\/\/epoxynajka.pl\/index.php\/produkt\/kolczyki-niezapominajki-odwrocona-kropla\/","title":{"rendered":"Kolczyki niezapominajki odwr\u00f3cona kropla"},"content":{"rendered":"<p>Kolczyki wisz\u0105ce niezapominajki<\/p>\n<p>Delikatne, r\u0119cznie wykonane kolczyki wisz\u0105ce z zatopionymi niezapominajkami \u2013 symbolem pami\u0119ci, wierno\u015bci i prawdziwego uczucia.<\/p>\n<p>Materia\u0142 : \u017cywica z zatopionymi kwiatami niezapominajek, baza hipoalergiczna mied\u017a posrebrzana S925, gumowe zatyczki.<\/p>\n<p>Zdj\u0119cie ma charakter pogl\u0105dowy. Ka\u017cdy przedmiot mo\u017ce nieznacznie r\u00f3\u017cni\u0107 si\u0119 od zdj\u0119cia \u2013 to naturalne przy tworzeniu r\u0119kodzie\u0142a z prawdziwych ro\u015blin.<\/p>\n","protected":false},"excerpt":{"rendered":"<p>Kolczyki\u00a0 wisz\u0105ce niezapominajki odwr\u00f3cona kropla<\/p>\n","protected":false},"featured_media":812,"template":"","meta":[],"product_brand":[],"product_cat":[21,23],"product_tag":[],"class_list":{"0":"post-815","1":"product","2":"type-product","3":"status-publish","4":"has-post-thumbnail","6":"product_cat-bizuteria","7":"product_cat-kolczyki","8":"product_shipping_class-mini","10":"first","11":"instock","12":"sale","13":"shipping-taxable","14":"purchasable","15":"product-type-simple"},"_links":{"self":[{"href":"https:\/\/epoxynajka.pl\/index.php\/wp-json\/wp\/v2\/product\/815","targetHints":{"allow":["GET"]}}],"collection":[{"href":"https:\/\/epoxynajka.pl\/index.php\/wp-json\/wp\/v2\/product"}],"about":[{"href":"https:\/\/epoxynajka.pl\/index.php\/wp-json\/wp\/v2\/types\/product"}],"wp:featuredmedia":[{"embeddable":true,"href":"https:\/\/epoxynajka.pl\/index.php\/wp-json\/wp\/v2\/media\/812"}],"wp:attachment":[{"href":"https:\/\/epoxynajka.pl\/index.php\/wp-json\/wp\/v2\/media?parent=815"}],"wp:term":[{"taxonomy":"product_brand","embeddable":true,"href":"https:\/\/epoxynajka.pl\/index.php\/wp-json\/wp\/v2\/product_brand?post=815"},{"taxonomy":"product_cat","embeddable":true,"href":"https:\/\/epoxynajka.pl\/index.php\/wp-json\/wp\/v2\/product_cat?post=815"},{"taxonomy":"product_tag","embeddable":true,"href":"https:\/\/epoxynajka.pl\/index.php\/wp-json\/wp\/v2\/product_tag?post=815"}],"curies":[{"name":"wp","href":"https:\/\/api.w.org\/{rel}","templated":true}]}}