{"id":774,"date":"2025-08-29T14:01:32","date_gmt":"2025-08-29T12:01:32","guid":{"rendered":"https:\/\/epoxynajka.pl\/?post_type=product&#038;p=774"},"modified":"2025-11-18T13:05:22","modified_gmt":"2025-11-18T12:05:22","slug":"zloty-naszyjnik-zlocien-pelny","status":"publish","type":"product","link":"https:\/\/epoxynajka.pl\/index.php\/produkt\/zloty-naszyjnik-zlocien-pelny\/","title":{"rendered":"Z\u0142oty naszyjnik z\u0142ocie\u0144 pe\u0142ny"},"content":{"rendered":"<p>Elegancki naszyjnik wykonany z \u017cywicy, w kt\u00f3rej zatopiony zosta\u0142 z\u0142ocie\u0144 pe\u0142ny. Zawieszka ma oryginaln\u0105 form\u0119, \u0142\u0105cz\u0105c\u0105 naturalne pi\u0119kno kwiat\u00f3w z nowoczesnym, artystycznym designem.<\/p>\n<p>Materia\u0142 : \u017cywica z zatopionym z\u0142ocieniem pe\u0142nym, z\u0142oty \u0142a\u0144cuszek z \u017celaza, zawieszka ze stopu cynku.<\/p>\n<p>Zdj\u0119cie ma charakter pogl\u0105dowy. Ka\u017cdy przedmiot mo\u017ce nieznacznie r\u00f3\u017cni\u0107 si\u0119 od zdj\u0119cia \u2013 to naturalne przy tworzeniu r\u0119kodzie\u0142a z prawdziwych ro\u015blin.<\/p>\n","protected":false},"excerpt":{"rendered":"<p>Naszyjnik z zatopionym kwiatem z\u0142ocienia pe\u0142nego.<\/p>\n","protected":false},"featured_media":775,"template":"","meta":[],"product_brand":[],"product_cat":[15],"product_tag":[],"class_list":{"0":"post-774","1":"product","2":"type-product","3":"status-publish","4":"has-post-thumbnail","6":"product_cat-bez-kategorii","8":"first","9":"instock","10":"sale","11":"shipping-taxable","12":"purchasable","13":"product-type-variable"},"_links":{"self":[{"href":"https:\/\/epoxynajka.pl\/index.php\/wp-json\/wp\/v2\/product\/774","targetHints":{"allow":["GET"]}}],"collection":[{"href":"https:\/\/epoxynajka.pl\/index.php\/wp-json\/wp\/v2\/product"}],"about":[{"href":"https:\/\/epoxynajka.pl\/index.php\/wp-json\/wp\/v2\/types\/product"}],"wp:featuredmedia":[{"embeddable":true,"href":"https:\/\/epoxynajka.pl\/index.php\/wp-json\/wp\/v2\/media\/775"}],"wp:attachment":[{"href":"https:\/\/epoxynajka.pl\/index.php\/wp-json\/wp\/v2\/media?parent=774"}],"wp:term":[{"taxonomy":"product_brand","embeddable":true,"href":"https:\/\/epoxynajka.pl\/index.php\/wp-json\/wp\/v2\/product_brand?post=774"},{"taxonomy":"product_cat","embeddable":true,"href":"https:\/\/epoxynajka.pl\/index.php\/wp-json\/wp\/v2\/product_cat?post=774"},{"taxonomy":"product_tag","embeddable":true,"href":"https:\/\/epoxynajka.pl\/index.php\/wp-json\/wp\/v2\/product_tag?post=774"}],"curies":[{"name":"wp","href":"https:\/\/api.w.org\/{rel}","templated":true}]}}