{"id":766,"date":"2025-08-29T11:05:05","date_gmt":"2025-08-29T09:05:05","guid":{"rendered":"https:\/\/epoxynajka.pl\/?post_type=product&#038;p=766"},"modified":"2025-12-01T20:31:32","modified_gmt":"2025-12-01T19:31:32","slug":"breloczek-bratek-kropla","status":"publish","type":"product","link":"https:\/\/epoxynajka.pl\/index.php\/produkt\/breloczek-bratek-kropla\/","title":{"rendered":"Breloczek bratek kropla"},"content":{"rendered":"<p><strong>Srebrny breloczek z \u017cywicy z\u00a0 zatopionym bratkiem\u00a0<\/strong><\/p>\n<p>Unikalny dodatek wykonany z \u017cywicy, w kt\u00f3rej zatopiony jest kwiat bratka. Breloczek stanowi idealn\u0105 ozdob\u0119 do kluczy, torebki czy plecaka.<\/p>\n<p>Materia\u0142 : \u017cywica z zatopionym bratkiem, breloczek z \u017celaza.<\/p>\n<p>Zdj\u0119cie ma charakter pogl\u0105dowy. Ka\u017cdy przedmiot mo\u017ce nieznacznie r\u00f3\u017cni\u0107 si\u0119 od zdj\u0119cia \u2013 to naturalne przy tworzeniu r\u0119kodzie\u0142a z prawdziwych ro\u015blin.<\/p>\n<p>&nbsp;<\/p>\n<p>&nbsp;<\/p>\n","protected":false},"excerpt":{"rendered":"<p>Srebrny breloczek z \u017cywicy z zatopionym bratkiem<\/p>\n","protected":false},"featured_media":733,"template":"","meta":[],"product_brand":[],"product_cat":[22],"product_tag":[],"class_list":{"0":"post-766","1":"product","2":"type-product","3":"status-publish","4":"has-post-thumbnail","6":"product_cat-breloczki","7":"product_shipping_class-mini","9":"first","10":"instock","11":"shipping-taxable","12":"purchasable","13":"product-type-simple"},"_links":{"self":[{"href":"https:\/\/epoxynajka.pl\/index.php\/wp-json\/wp\/v2\/product\/766","targetHints":{"allow":["GET"]}}],"collection":[{"href":"https:\/\/epoxynajka.pl\/index.php\/wp-json\/wp\/v2\/product"}],"about":[{"href":"https:\/\/epoxynajka.pl\/index.php\/wp-json\/wp\/v2\/types\/product"}],"wp:featuredmedia":[{"embeddable":true,"href":"https:\/\/epoxynajka.pl\/index.php\/wp-json\/wp\/v2\/media\/733"}],"wp:attachment":[{"href":"https:\/\/epoxynajka.pl\/index.php\/wp-json\/wp\/v2\/media?parent=766"}],"wp:term":[{"taxonomy":"product_brand","embeddable":true,"href":"https:\/\/epoxynajka.pl\/index.php\/wp-json\/wp\/v2\/product_brand?post=766"},{"taxonomy":"product_cat","embeddable":true,"href":"https:\/\/epoxynajka.pl\/index.php\/wp-json\/wp\/v2\/product_cat?post=766"},{"taxonomy":"product_tag","embeddable":true,"href":"https:\/\/epoxynajka.pl\/index.php\/wp-json\/wp\/v2\/product_tag?post=766"}],"curies":[{"name":"wp","href":"https:\/\/api.w.org\/{rel}","templated":true}]}}