{"id":753,"date":"2025-08-29T09:48:08","date_gmt":"2025-08-29T07:48:08","guid":{"rendered":"https:\/\/epoxynajka.pl\/?post_type=product&#038;p=753"},"modified":"2025-11-19T15:47:22","modified_gmt":"2025-11-19T14:47:22","slug":"breloczek-koniczynka-jaskier-niezapominajka","status":"publish","type":"product","link":"https:\/\/epoxynajka.pl\/index.php\/produkt\/breloczek-koniczynka-jaskier-niezapominajka\/","title":{"rendered":"Breloczek koniczynka jaskier &#038; niezapominajka"},"content":{"rendered":"<p><strong>Srebrny breloczek z \u017cywicy zatopionymi jaskrami i niezapominajk\u0105\u00a0<\/strong><\/p>\n<p>Unikalny dodatek wykonany z \u017cywicy, w kt\u00f3rej zatopione s\u0105 delikatne, r\u0119cznie zbierane kwiaty jaskra i niezapominajki. Breloczek stanowi idealn\u0105 ozdob\u0119 do kluczy, torebki czy plecaka.<\/p>\n<p>Materia\u0142 : \u017cywica z zatopionymi kwiatami niezapominajki i jaskra, breloczek z \u017celaza.<\/p>\n<p>Zdj\u0119cie ma charakter pogl\u0105dowy. Ka\u017cdy przedmiot mo\u017ce nieznacznie r\u00f3\u017cni\u0107 si\u0119 od zdj\u0119cia \u2013 to naturalne przy tworzeniu r\u0119kodzie\u0142a z prawdziwych ro\u015blin.<\/p>\n<p>&nbsp;<\/p>\n<p>&nbsp;<\/p>\n","protected":false},"excerpt":{"rendered":"<p>Srebrny breloczek z \u017cywicy zatopionymi jaskrami i niezapominajk\u0105<\/p>\n","protected":false},"featured_media":730,"template":"","meta":[],"product_brand":[],"product_cat":[22],"product_tag":[],"class_list":{"0":"post-753","1":"product","2":"type-product","3":"status-publish","4":"has-post-thumbnail","6":"product_cat-breloczki","7":"product_shipping_class-mini","9":"first","10":"instock","11":"sale","12":"shipping-taxable","13":"purchasable","14":"product-type-simple"},"_links":{"self":[{"href":"https:\/\/epoxynajka.pl\/index.php\/wp-json\/wp\/v2\/product\/753","targetHints":{"allow":["GET"]}}],"collection":[{"href":"https:\/\/epoxynajka.pl\/index.php\/wp-json\/wp\/v2\/product"}],"about":[{"href":"https:\/\/epoxynajka.pl\/index.php\/wp-json\/wp\/v2\/types\/product"}],"wp:featuredmedia":[{"embeddable":true,"href":"https:\/\/epoxynajka.pl\/index.php\/wp-json\/wp\/v2\/media\/730"}],"wp:attachment":[{"href":"https:\/\/epoxynajka.pl\/index.php\/wp-json\/wp\/v2\/media?parent=753"}],"wp:term":[{"taxonomy":"product_brand","embeddable":true,"href":"https:\/\/epoxynajka.pl\/index.php\/wp-json\/wp\/v2\/product_brand?post=753"},{"taxonomy":"product_cat","embeddable":true,"href":"https:\/\/epoxynajka.pl\/index.php\/wp-json\/wp\/v2\/product_cat?post=753"},{"taxonomy":"product_tag","embeddable":true,"href":"https:\/\/epoxynajka.pl\/index.php\/wp-json\/wp\/v2\/product_tag?post=753"}],"curies":[{"name":"wp","href":"https:\/\/api.w.org\/{rel}","templated":true}]}}