{"id":729,"date":"2025-08-29T09:03:48","date_gmt":"2025-08-29T07:03:48","guid":{"rendered":"https:\/\/epoxynajka.pl\/?post_type=product&#038;p=729"},"modified":"2025-11-19T15:49:51","modified_gmt":"2025-11-19T14:49:51","slug":"breloczek-motyl-wazka","status":"publish","type":"product","link":"https:\/\/epoxynajka.pl\/index.php\/produkt\/breloczek-motyl-wazka\/","title":{"rendered":"Breloczek motyl\/wa\u017cka"},"content":{"rendered":"<p><strong>Breloczek w kszta\u0142cie motyla\/wa\u017cki z niezapominajkami i z\u0142otym akcentem<\/strong><\/p>\n<p>Unikalny dodatek wykonany z \u017cywicy, w kt\u00f3rej zzatopione niezapominajki.\u00a0 Ca\u0142o\u015b\u0107 dope\u0142nia z\u0142oty akcent. Breloczek stanowi idealn\u0105 ozdob\u0119 do kluczy, torebki czy plecaka.<\/p>\n<p>Materia\u0142 : \u017cywica z zatopionymi niezapominajkami, breloczek z \u017celaza.<\/p>\n<p>Zdj\u0119cie ma charakter pogl\u0105dowy. Ka\u017cdy przedmiot mo\u017ce nieznacznie r\u00f3\u017cni\u0107 si\u0119 od zdj\u0119cia \u2013 to naturalne przy tworzeniu r\u0119kodzie\u0142a z prawdziwych ro\u015blin.<\/p>\n","protected":false},"excerpt":{"rendered":"<p>Breloczek w kszta\u0142cie motyla\/wa\u017cki z niezapominajkami i z\u0142otym akcentem<\/p>\n","protected":false},"featured_media":743,"template":"","meta":[],"product_brand":[],"product_cat":[22],"product_tag":[],"class_list":{"0":"post-729","1":"product","2":"type-product","3":"status-publish","4":"has-post-thumbnail","6":"product_cat-breloczki","7":"product_shipping_class-mini","9":"first","10":"instock","11":"sale","12":"shipping-taxable","13":"purchasable","14":"product-type-variable"},"_links":{"self":[{"href":"https:\/\/epoxynajka.pl\/index.php\/wp-json\/wp\/v2\/product\/729","targetHints":{"allow":["GET"]}}],"collection":[{"href":"https:\/\/epoxynajka.pl\/index.php\/wp-json\/wp\/v2\/product"}],"about":[{"href":"https:\/\/epoxynajka.pl\/index.php\/wp-json\/wp\/v2\/types\/product"}],"wp:featuredmedia":[{"embeddable":true,"href":"https:\/\/epoxynajka.pl\/index.php\/wp-json\/wp\/v2\/media\/743"}],"wp:attachment":[{"href":"https:\/\/epoxynajka.pl\/index.php\/wp-json\/wp\/v2\/media?parent=729"}],"wp:term":[{"taxonomy":"product_brand","embeddable":true,"href":"https:\/\/epoxynajka.pl\/index.php\/wp-json\/wp\/v2\/product_brand?post=729"},{"taxonomy":"product_cat","embeddable":true,"href":"https:\/\/epoxynajka.pl\/index.php\/wp-json\/wp\/v2\/product_cat?post=729"},{"taxonomy":"product_tag","embeddable":true,"href":"https:\/\/epoxynajka.pl\/index.php\/wp-json\/wp\/v2\/product_tag?post=729"}],"curies":[{"name":"wp","href":"https:\/\/api.w.org\/{rel}","templated":true}]}}