{"id":442,"date":"2025-08-26T12:17:19","date_gmt":"2025-08-26T10:17:19","guid":{"rendered":"https:\/\/epoxynajka.pl\/?post_type=product&#038;p=442"},"modified":"2025-11-19T16:58:58","modified_gmt":"2025-11-19T15:58:58","slug":"spinka-kwiat-duza-2","status":"publish","type":"product","link":"https:\/\/epoxynajka.pl\/index.php\/produkt\/spinka-kwiat-duza-2\/","title":{"rendered":"Spinka kwiat du\u017ca"},"content":{"rendered":"<p>Spinka kwiatek du\u017ca &#8211; r\u00f3\u017cne kolory<\/p>\n<p>&nbsp;<\/p>\n<p>Efektowne i lekkie spinki do w\u0142os\u00f3w z kwiatami inspirowanymi tropikalnym stylem hawajskim. Dost\u0119pne w r\u00f3\u017cnych kolorach. Idealne jako letni dodatek do fryzury, na pla\u017c\u0119, festiwal, sesj\u0119 zdj\u0119ciow\u0105 czy imprez\u0119 w stylu boho. Sprawdz\u0105 si\u0119 r\u00f3wnie\u017c jako uroczy akcent w codziennym looku, kt\u00f3ry doda \u015bwie\u017co\u015bci i kobiecego uroku. No\u015b kwiaty we w\u0142osach \u2013 ka\u017cdego dnia!<\/p>\n<p>&nbsp;<\/p>\n<p>Zdj\u0119cia maj\u0105 charakter pogl\u0105dowy. Ka\u017cdy przedmiot mo\u017ce nieznacznie r\u00f3\u017cni\u0107 si\u0119 od zdj\u0119cia<\/p>\n","protected":false},"excerpt":{"rendered":"<p>Spinka kwiatek du\u017ca &#8211; r\u00f3\u017cne kolory<\/p>\n","protected":false},"featured_media":374,"template":"","meta":[],"product_brand":[],"product_cat":[25],"product_tag":[],"class_list":{"0":"post-442","1":"product","2":"type-product","3":"status-publish","4":"has-post-thumbnail","6":"product_cat-spinki","7":"product_shipping_class-mala","9":"first","10":"instock","11":"sale","12":"shipping-taxable","13":"purchasable","14":"product-type-variable"},"_links":{"self":[{"href":"https:\/\/epoxynajka.pl\/index.php\/wp-json\/wp\/v2\/product\/442","targetHints":{"allow":["GET"]}}],"collection":[{"href":"https:\/\/epoxynajka.pl\/index.php\/wp-json\/wp\/v2\/product"}],"about":[{"href":"https:\/\/epoxynajka.pl\/index.php\/wp-json\/wp\/v2\/types\/product"}],"wp:featuredmedia":[{"embeddable":true,"href":"https:\/\/epoxynajka.pl\/index.php\/wp-json\/wp\/v2\/media\/374"}],"wp:attachment":[{"href":"https:\/\/epoxynajka.pl\/index.php\/wp-json\/wp\/v2\/media?parent=442"}],"wp:term":[{"taxonomy":"product_brand","embeddable":true,"href":"https:\/\/epoxynajka.pl\/index.php\/wp-json\/wp\/v2\/product_brand?post=442"},{"taxonomy":"product_cat","embeddable":true,"href":"https:\/\/epoxynajka.pl\/index.php\/wp-json\/wp\/v2\/product_cat?post=442"},{"taxonomy":"product_tag","embeddable":true,"href":"https:\/\/epoxynajka.pl\/index.php\/wp-json\/wp\/v2\/product_tag?post=442"}],"curies":[{"name":"wp","href":"https:\/\/api.w.org\/{rel}","templated":true}]}}