{"id":323,"date":"2025-08-25T14:24:34","date_gmt":"2025-08-25T12:24:34","guid":{"rendered":"https:\/\/epoxynajka.pl\/?post_type=product&#038;p=323"},"modified":"2025-11-19T13:46:17","modified_gmt":"2025-11-19T12:46:17","slug":"swiecznik-szesciokat-roza-zloto","status":"publish","type":"product","link":"https:\/\/epoxynajka.pl\/index.php\/produkt\/swiecznik-szesciokat-roza-zloto\/","title":{"rendered":"\u015awiecznik sze\u015bciok\u0105t R\u00f3\u017ca &#038; z\u0142oto"},"content":{"rendered":"<p><strong>\u015awiecznik z \u017cywicy z p\u0142atkami r\u00f3\u017cy i z\u0142otym akcentem<\/strong><\/p>\n<p>&nbsp;<\/p>\n<p>R\u0119cznie wykonany ma\u0142y \u015bwiecznik na tealight, stworzony z transparentnej \u017cywicy, w kt\u00f3rej zatopiono prawdziwe p\u0142atki r\u00f3\u017cy oraz delikatne z\u0142ote elementy. Ka\u017cda sztuka to unikat \u2013 subtelna i romantyczna ozdoba, kt\u00f3ra tworzy przytulny klimat i wprowadza do wn\u0119trza nut\u0119 elegancji. Idealny do wieczornego relaksu, romantycznej kolacji, dekoracji sto\u0142u lub jako urokliwy dodatek do prezentu.<\/p>\n<p>Ma\u0142y detal \u2013 wielki nastr\u00f3j.<\/p>\n<p>Zdj\u0119cie ma charakter pogl\u0105dowy. Ka\u017cdy przedmiot mo\u017ce nieznacznie r\u00f3\u017cni\u0107 si\u0119 od zdj\u0119cia \u2013 to naturalne przy tworzeniu r\u0119kodzie\u0142a z prawdziwych ro\u015blin.<\/p>\n","protected":false},"excerpt":{"rendered":"<p><strong>\u015awiecznik z \u017cywicy z p\u0142atkami r\u00f3\u017cy i z\u0142otym akcentem<\/strong><\/p>\n","protected":false},"featured_media":316,"template":"","meta":[],"product_brand":[],"product_cat":[18,38],"product_tag":[],"class_list":{"0":"post-323","1":"product","2":"type-product","3":"status-publish","4":"has-post-thumbnail","6":"product_cat-do-domu","7":"product_cat-swieczniki","8":"product_shipping_class-mala","10":"first","11":"instock","12":"sale","13":"shipping-taxable","14":"purchasable","15":"product-type-simple"},"_links":{"self":[{"href":"https:\/\/epoxynajka.pl\/index.php\/wp-json\/wp\/v2\/product\/323","targetHints":{"allow":["GET"]}}],"collection":[{"href":"https:\/\/epoxynajka.pl\/index.php\/wp-json\/wp\/v2\/product"}],"about":[{"href":"https:\/\/epoxynajka.pl\/index.php\/wp-json\/wp\/v2\/types\/product"}],"wp:featuredmedia":[{"embeddable":true,"href":"https:\/\/epoxynajka.pl\/index.php\/wp-json\/wp\/v2\/media\/316"}],"wp:attachment":[{"href":"https:\/\/epoxynajka.pl\/index.php\/wp-json\/wp\/v2\/media?parent=323"}],"wp:term":[{"taxonomy":"product_brand","embeddable":true,"href":"https:\/\/epoxynajka.pl\/index.php\/wp-json\/wp\/v2\/product_brand?post=323"},{"taxonomy":"product_cat","embeddable":true,"href":"https:\/\/epoxynajka.pl\/index.php\/wp-json\/wp\/v2\/product_cat?post=323"},{"taxonomy":"product_tag","embeddable":true,"href":"https:\/\/epoxynajka.pl\/index.php\/wp-json\/wp\/v2\/product_tag?post=323"}],"curies":[{"name":"wp","href":"https:\/\/api.w.org\/{rel}","templated":true}]}}