{"id":292,"date":"2025-08-25T10:47:17","date_gmt":"2025-08-25T08:47:17","guid":{"rendered":"https:\/\/epoxynajka.pl\/?post_type=product&#038;p=292"},"modified":"2025-11-19T13:41:53","modified_gmt":"2025-11-19T12:41:53","slug":"filizanka-ze-spodeczkiem-bratek-jaskier","status":"publish","type":"product","link":"https:\/\/epoxynajka.pl\/index.php\/produkt\/filizanka-ze-spodeczkiem-bratek-jaskier\/","title":{"rendered":"Fili\u017canka ze spodeczkiem Bratek &#038; jaskier\u00a0"},"content":{"rendered":"<p><strong>Fili\u017canka z \u017cywicy ze spodeczkiem Bratek &amp; jaskier\u00a0<\/strong><\/p>\n<p>Wprowad\u017a odrobin\u0119 magii do swojej codziennej rutyny z wyj\u0105tkow\u0105 fili\u017cank\u0105 wykonan\u0105 z\u00a0 \u017cywicy. Wewn\u0105trz fili\u017canki i spodeczka zatopione zosta\u0142y prawdziwe kwiaty bratk\u00f3w i jaskr\u00f3w, kt\u00f3re nadaj\u0105 wiosennego, subtelnego charakteru.<\/p>\n<p>Ka\u017cdy zestaw to unikalne, r\u0119cznie wykonane dzie\u0142o \u2013 idealne na prezent lub wyj\u0105tkowe chwile przy kawie czy herbacie.<\/p>\n<p>Zdj\u0119cie ma charakter pogl\u0105dowy. Ka\u017cdy przedmiot mo\u017ce nieznacznie r\u00f3\u017cni\u0107 si\u0119 od zdj\u0119cia \u2013 to naturalne przy tworzeniu r\u0119kodzie\u0142a z prawdziwych ro\u015blin.<\/p>\n","protected":false},"excerpt":{"rendered":"<p><strong>Fili\u017canka z \u017cywicy ze spodeczkiem Bratek &amp; jaskier\u00a0<\/strong><\/p>\n","protected":false},"featured_media":288,"template":"","meta":[],"product_brand":[],"product_cat":[18,36],"product_tag":[],"class_list":{"0":"post-292","1":"product","2":"type-product","3":"status-publish","4":"has-post-thumbnail","6":"product_cat-do-domu","7":"product_cat-filizanki","8":"product_shipping_class-srednia","10":"first","11":"instock","12":"sale","13":"shipping-taxable","14":"purchasable","15":"product-type-simple"},"_links":{"self":[{"href":"https:\/\/epoxynajka.pl\/index.php\/wp-json\/wp\/v2\/product\/292","targetHints":{"allow":["GET"]}}],"collection":[{"href":"https:\/\/epoxynajka.pl\/index.php\/wp-json\/wp\/v2\/product"}],"about":[{"href":"https:\/\/epoxynajka.pl\/index.php\/wp-json\/wp\/v2\/types\/product"}],"wp:featuredmedia":[{"embeddable":true,"href":"https:\/\/epoxynajka.pl\/index.php\/wp-json\/wp\/v2\/media\/288"}],"wp:attachment":[{"href":"https:\/\/epoxynajka.pl\/index.php\/wp-json\/wp\/v2\/media?parent=292"}],"wp:term":[{"taxonomy":"product_brand","embeddable":true,"href":"https:\/\/epoxynajka.pl\/index.php\/wp-json\/wp\/v2\/product_brand?post=292"},{"taxonomy":"product_cat","embeddable":true,"href":"https:\/\/epoxynajka.pl\/index.php\/wp-json\/wp\/v2\/product_cat?post=292"},{"taxonomy":"product_tag","embeddable":true,"href":"https:\/\/epoxynajka.pl\/index.php\/wp-json\/wp\/v2\/product_tag?post=292"}],"curies":[{"name":"wp","href":"https:\/\/api.w.org\/{rel}","templated":true}]}}