{"id":279,"date":"2025-08-25T10:00:45","date_gmt":"2025-08-25T08:00:45","guid":{"rendered":"https:\/\/epoxynajka.pl\/?post_type=product&#038;p=279"},"modified":"2025-11-19T13:41:07","modified_gmt":"2025-11-19T12:41:07","slug":"filizanka-roza-zlocien-zloto","status":"publish","type":"product","link":"https:\/\/epoxynajka.pl\/index.php\/produkt\/filizanka-roza-zlocien-zloto\/","title":{"rendered":"Fili\u017canka R\u00f3\u017ca Z\u0142ocie\u0144 &#038; Z\u0142oto"},"content":{"rendered":"<p>Fili\u017canka z \u017cywicy\u00a0 \u2013 R\u00f3\u017ca, z\u0142ocie\u0144 &amp; Z\u0142oto<\/p>\n<p>Wprowad\u017a odrobin\u0119 magii do swojej codziennej rutyny z wyj\u0105tkow\u0105 fili\u017cank\u0105 wykonan\u0105 z \u017cywicy. Wewn\u0105trz fili\u017canki\u00a0 zatopione zosta\u0142y prawdziwe p\u0142atki r\u00f3\u017cy i kwiaty z\u0142ocienia, kt\u00f3re nadaj\u0105 romantycznego, subtelnego charakteru. Ca\u0142o\u015b\u0107 dope\u0142nia delikatny z\u0142oty akcent, dodaj\u0105cy elegancji i luksusowego wyko\u0144czenia.<\/p>\n<p>Ka\u017cdy fili\u017canka <!--more-->to unikalne, r\u0119cznie wykonane dzie\u0142o \u2013 idealne na prezent lub wyj\u0105tkowe chwile przy kawie czy herbacie.<!--more--><\/p>\n","protected":false},"excerpt":{"rendered":"<p><strong>Fili\u017canka z \u017cywicy\u00a0 \u2013 R\u00f3\u017ca, z\u0142ocie\u0144 &amp; Z\u0142oto<\/strong><\/p>\n","protected":false},"featured_media":280,"template":"","meta":[],"product_brand":[],"product_cat":[18,36],"product_tag":[],"class_list":{"0":"post-279","1":"product","2":"type-product","3":"status-publish","4":"has-post-thumbnail","6":"product_cat-do-domu","7":"product_cat-filizanki","8":"product_shipping_class-srednia","10":"first","11":"instock","12":"sale","13":"shipping-taxable","14":"purchasable","15":"product-type-simple"},"_links":{"self":[{"href":"https:\/\/epoxynajka.pl\/index.php\/wp-json\/wp\/v2\/product\/279","targetHints":{"allow":["GET"]}}],"collection":[{"href":"https:\/\/epoxynajka.pl\/index.php\/wp-json\/wp\/v2\/product"}],"about":[{"href":"https:\/\/epoxynajka.pl\/index.php\/wp-json\/wp\/v2\/types\/product"}],"wp:featuredmedia":[{"embeddable":true,"href":"https:\/\/epoxynajka.pl\/index.php\/wp-json\/wp\/v2\/media\/280"}],"wp:attachment":[{"href":"https:\/\/epoxynajka.pl\/index.php\/wp-json\/wp\/v2\/media?parent=279"}],"wp:term":[{"taxonomy":"product_brand","embeddable":true,"href":"https:\/\/epoxynajka.pl\/index.php\/wp-json\/wp\/v2\/product_brand?post=279"},{"taxonomy":"product_cat","embeddable":true,"href":"https:\/\/epoxynajka.pl\/index.php\/wp-json\/wp\/v2\/product_cat?post=279"},{"taxonomy":"product_tag","embeddable":true,"href":"https:\/\/epoxynajka.pl\/index.php\/wp-json\/wp\/v2\/product_tag?post=279"}],"curies":[{"name":"wp","href":"https:\/\/api.w.org\/{rel}","templated":true}]}}