{"id":253,"date":"2025-08-24T19:03:00","date_gmt":"2025-08-24T17:03:00","guid":{"rendered":"https:\/\/epoxynajka.pl\/?post_type=product&#038;p=253"},"modified":"2025-11-19T16:57:30","modified_gmt":"2025-11-19T15:57:30","slug":"duza-spinka-kwiat-hawajski","status":"publish","type":"product","link":"https:\/\/epoxynajka.pl\/index.php\/produkt\/duza-spinka-kwiat-hawajski\/","title":{"rendered":"Du\u017ca spinka kwiat hawajski"},"content":{"rendered":"<p><strong>Spinki do w\u0142os\u00f3w kwiaty w stylu hawajskim \u2013 r\u00f3\u017cne kolory<\/strong><\/p>\n<p>Efektowne i lekkie spinki do w\u0142os\u00f3w z kwiatami inspirowanymi tropikalnym stylem hawajskim.\u00a0 Dost\u0119pne w r\u00f3\u017cnych kolorach \u2013 od delikatnych pasteli po \u017cywe, energetyczne barwy. Idealne jako letni dodatek do fryzury, na pla\u017c\u0119, festiwal, sesj\u0119 zdj\u0119ciow\u0105 czy imprez\u0119 w stylu boho. Sprawdz\u0105 si\u0119 r\u00f3wnie\u017c jako uroczy akcent w codziennym looku, kt\u00f3ry doda \u015bwie\u017co\u015bci i kobiecego uroku. No\u015b kwiaty we w\u0142osach \u2013 ka\u017cdego dnia!<\/p>\n<p>Zdj\u0119cia maj\u0105 charakter pogl\u0105dowy. Kolor produktu <em>mo\u017ce<\/em> si\u0119 <em>r\u00f3\u017cni\u0107<\/em>\u00a0w zale\u017cno\u015bci od parametr\u00f3w technicznych urz\u0105dze\u0144 elektronicznych.<\/p>\n<p>&nbsp;<\/p>\n","protected":false},"excerpt":{"rendered":"<p><strong>Du\u017ce Spinki do w\u0142os\u00f3w kwiaty w stylu hawajskim \u2013 r\u00f3\u017cne kolory<\/strong><\/p>\n","protected":false},"featured_media":254,"template":"","meta":[],"product_brand":[],"product_cat":[24,25],"product_tag":[],"class_list":{"0":"post-253","1":"product","2":"type-product","3":"status-publish","4":"has-post-thumbnail","6":"product_cat-dodatki","7":"product_cat-spinki","8":"product_shipping_class-mala","10":"first","11":"instock","12":"sale","13":"shipping-taxable","14":"purchasable","15":"product-type-variable"},"_links":{"self":[{"href":"https:\/\/epoxynajka.pl\/index.php\/wp-json\/wp\/v2\/product\/253","targetHints":{"allow":["GET"]}}],"collection":[{"href":"https:\/\/epoxynajka.pl\/index.php\/wp-json\/wp\/v2\/product"}],"about":[{"href":"https:\/\/epoxynajka.pl\/index.php\/wp-json\/wp\/v2\/types\/product"}],"wp:featuredmedia":[{"embeddable":true,"href":"https:\/\/epoxynajka.pl\/index.php\/wp-json\/wp\/v2\/media\/254"}],"wp:attachment":[{"href":"https:\/\/epoxynajka.pl\/index.php\/wp-json\/wp\/v2\/media?parent=253"}],"wp:term":[{"taxonomy":"product_brand","embeddable":true,"href":"https:\/\/epoxynajka.pl\/index.php\/wp-json\/wp\/v2\/product_brand?post=253"},{"taxonomy":"product_cat","embeddable":true,"href":"https:\/\/epoxynajka.pl\/index.php\/wp-json\/wp\/v2\/product_cat?post=253"},{"taxonomy":"product_tag","embeddable":true,"href":"https:\/\/epoxynajka.pl\/index.php\/wp-json\/wp\/v2\/product_tag?post=253"}],"curies":[{"name":"wp","href":"https:\/\/api.w.org\/{rel}","templated":true}]}}