{"id":241,"date":"2025-08-24T17:57:11","date_gmt":"2025-08-24T15:57:11","guid":{"rendered":"https:\/\/epoxynajka.pl\/?post_type=product&#038;p=241"},"modified":"2025-11-18T15:34:07","modified_gmt":"2025-11-18T14:34:07","slug":"kolczyki-serca-wiszace-niezapominajki","status":"publish","type":"product","link":"https:\/\/epoxynajka.pl\/index.php\/produkt\/kolczyki-serca-wiszace-niezapominajki\/","title":{"rendered":"Kolczyki serca wisz\u0105ce niezapominajki"},"content":{"rendered":"<p><strong>Kolczyki\u00a0 serca wisz\u0105ce niezapominajki\u00a0<\/strong><\/p>\n<p>Delikatne, r\u0119cznie wykonane kolczyki wisz\u0105ce w kszta\u0142cie serca z zatopionymi niezapominajkami\u00a0 \u2013 symbolem pami\u0119ci, wierno\u015bci i prawdziwego uczucia.<\/p>\n<p>Materia\u0142 : \u017cywica z zatopionymi kwiatami niezapominajek, baza hipoalergiczna mied\u017a posrebrzana S925, gumowe zatyczki, zawieszka ze stopu cynku.<\/p>\n<p>Zdj\u0119cie ma charakter pogl\u0105dowy. Ka\u017cdy przedmiot mo\u017ce nieznacznie r\u00f3\u017cni\u0107 si\u0119 od zdj\u0119cia \u2013 to naturalne przy tworzeniu r\u0119kodzie\u0142a z prawdziwych ro\u015blin.<\/p>\n","protected":false},"excerpt":{"rendered":"<p><strong>Kolczyki\u00a0 serca wisz\u0105ce niezapominajki hipoalergiczne posrebrzane S925<\/strong><\/p>\n","protected":false},"featured_media":242,"template":"","meta":[],"product_brand":[],"product_cat":[21,23],"product_tag":[],"class_list":{"0":"post-241","1":"product","2":"type-product","3":"status-publish","4":"has-post-thumbnail","6":"product_cat-bizuteria","7":"product_cat-kolczyki","8":"product_shipping_class-mini","10":"first","11":"instock","12":"sale","13":"shipping-taxable","14":"purchasable","15":"product-type-simple"},"_links":{"self":[{"href":"https:\/\/epoxynajka.pl\/index.php\/wp-json\/wp\/v2\/product\/241","targetHints":{"allow":["GET"]}}],"collection":[{"href":"https:\/\/epoxynajka.pl\/index.php\/wp-json\/wp\/v2\/product"}],"about":[{"href":"https:\/\/epoxynajka.pl\/index.php\/wp-json\/wp\/v2\/types\/product"}],"wp:featuredmedia":[{"embeddable":true,"href":"https:\/\/epoxynajka.pl\/index.php\/wp-json\/wp\/v2\/media\/242"}],"wp:attachment":[{"href":"https:\/\/epoxynajka.pl\/index.php\/wp-json\/wp\/v2\/media?parent=241"}],"wp:term":[{"taxonomy":"product_brand","embeddable":true,"href":"https:\/\/epoxynajka.pl\/index.php\/wp-json\/wp\/v2\/product_brand?post=241"},{"taxonomy":"product_cat","embeddable":true,"href":"https:\/\/epoxynajka.pl\/index.php\/wp-json\/wp\/v2\/product_cat?post=241"},{"taxonomy":"product_tag","embeddable":true,"href":"https:\/\/epoxynajka.pl\/index.php\/wp-json\/wp\/v2\/product_tag?post=241"}],"curies":[{"name":"wp","href":"https:\/\/api.w.org\/{rel}","templated":true}]}}