{"id":239,"date":"2025-08-24T17:47:37","date_gmt":"2025-08-24T15:47:37","guid":{"rendered":"https:\/\/epoxynajka.pl\/?post_type=product&#038;p=239"},"modified":"2025-11-18T15:34:54","modified_gmt":"2025-11-18T14:34:54","slug":"kolczyki-wiszace-niezapominajki-krople","status":"publish","type":"product","link":"https:\/\/epoxynajka.pl\/index.php\/produkt\/kolczyki-wiszace-niezapominajki-krople\/","title":{"rendered":"Kolczyki wisz\u0105ce niezapominajki krople"},"content":{"rendered":"<p><strong>Kolczyki niezapominajki\u00a0<\/strong><\/p>\n<p>Delikatne, r\u0119cznie wykonane kolczyki wisz\u0105ce z zatopionymi niezapominajkami \u2013 symbolem pami\u0119ci, wierno\u015bci i prawdziwego uczucia.<\/p>\n<p>Materia\u0142 : \u017cywica z zatopionymi kwiatami niezapominajek,\u00a0 baza hipoalergiczna mied\u017a posrebrzana S925, gumowe zatyczki.<\/p>\n<p>Zdj\u0119cie ma charakter pogl\u0105dowy. Ka\u017cdy przedmiot mo\u017ce nieznacznie r\u00f3\u017cni\u0107 si\u0119 od zdj\u0119cia \u2013 to naturalne przy tworzeniu r\u0119kodzie\u0142a z prawdziwych ro\u015blin.<\/p>\n","protected":false},"excerpt":{"rendered":"<p><strong>Kolczyki wisz\u0105ce niezapominajki posrebrzane S925<\/strong><\/p>\n","protected":false},"featured_media":240,"template":"","meta":[],"product_brand":[],"product_cat":[21,23],"product_tag":[],"class_list":{"0":"post-239","1":"product","2":"type-product","3":"status-publish","4":"has-post-thumbnail","6":"product_cat-bizuteria","7":"product_cat-kolczyki","8":"product_shipping_class-mini","10":"first","11":"instock","12":"sale","13":"shipping-taxable","14":"purchasable","15":"product-type-simple"},"_links":{"self":[{"href":"https:\/\/epoxynajka.pl\/index.php\/wp-json\/wp\/v2\/product\/239","targetHints":{"allow":["GET"]}}],"collection":[{"href":"https:\/\/epoxynajka.pl\/index.php\/wp-json\/wp\/v2\/product"}],"about":[{"href":"https:\/\/epoxynajka.pl\/index.php\/wp-json\/wp\/v2\/types\/product"}],"wp:featuredmedia":[{"embeddable":true,"href":"https:\/\/epoxynajka.pl\/index.php\/wp-json\/wp\/v2\/media\/240"}],"wp:attachment":[{"href":"https:\/\/epoxynajka.pl\/index.php\/wp-json\/wp\/v2\/media?parent=239"}],"wp:term":[{"taxonomy":"product_brand","embeddable":true,"href":"https:\/\/epoxynajka.pl\/index.php\/wp-json\/wp\/v2\/product_brand?post=239"},{"taxonomy":"product_cat","embeddable":true,"href":"https:\/\/epoxynajka.pl\/index.php\/wp-json\/wp\/v2\/product_cat?post=239"},{"taxonomy":"product_tag","embeddable":true,"href":"https:\/\/epoxynajka.pl\/index.php\/wp-json\/wp\/v2\/product_tag?post=239"}],"curies":[{"name":"wp","href":"https:\/\/api.w.org\/{rel}","templated":true}]}}