{"id":197,"date":"2025-08-21T18:33:14","date_gmt":"2025-08-21T16:33:14","guid":{"rendered":"https:\/\/epoxynajka.pl\/?page_id=197"},"modified":"2025-08-21T18:33:14","modified_gmt":"2025-08-21T16:33:14","slug":"wzor-formularza-odstapienia-od-umowy","status":"publish","type":"page","link":"https:\/\/epoxynajka.pl\/index.php\/wzor-formularza-odstapienia-od-umowy\/","title":{"rendered":"Wz\u00f3r formularza odst\u0105pienia od umowy"},"content":{"rendered":"\n<p>oni\u017cej znajdziesz wz\u00f3r, kt\u00f3ry mo\u017cesz wykorzysta\u0107, je\u015bli chcesz zwr\u00f3ci\u0107 zam\u00f3wienie w ci\u0105gu 14 dni:<\/p>\n\n\n\n<p>FORMULARZ ODST\u0104PIENIA OD UMOWY ZAWARTEJ NA ODLEG\u0141O\u015a\u0106 (wype\u0142nij i ode\u015blij ten formularz tylko w przypadku ch\u0119ci odst\u0105pienia od umowy) <\/p>\n\n\n\n<p>Adresat: [Nazwa sklepu] [Adres e-mail sklepu]<\/p>\n\n\n\n<p>Ja\/My() niniejszym informuj\u0119\/informujemy() o moim\/naszym(*) odst\u0105pieniu od umowy sprzeda\u017cy nast\u0119puj\u0105cych rzeczy: <\/p>\n\n\n\n<p>Przedmiot odst\u0105pienia: &#8230;&#8230;&#8230;&#8230;&#8230;&#8230;&#8230;&#8230;&#8230;&#8230;&#8230;&#8230;&#8230;&#8230;&#8230;&#8230;&#8230;&#8230;&#8230;&#8230;&#8230;&#8230;&#8230;&#8230;&#8230;&#8230;&#8230;&#8230;&#8230;&#8230;&#8230;&#8230;&#8230;&#8230;&#8230;&#8230;&#8230;.. &#8230;&#8230;&#8230;&#8230;&#8230;&#8230;&#8230;&#8230;&#8230;&#8230;&#8230;&#8230;&#8230;&#8230;&#8230;&#8230;&#8230;&#8230;&#8230;&#8230;&#8230;&#8230;&#8230;&#8230;&#8230;&#8230;&#8230;&#8230;&#8230;&#8230;&#8230;&#8230;&#8230;&#8230;&#8230;&#8230;&#8230;.. <\/p>\n\n\n\n<p>Data zawarcia umowy \/ odbioru towaru: &#8230;&#8230;&#8230;&#8230;&#8230;&#8230;&#8230;&#8230;&#8230;&#8230;&#8230;&#8230;&#8230;&#8230;&#8230;&#8230;&#8230;&#8230;&#8230;&#8230;&#8230;&#8230;. <\/p>\n\n\n\n<p>Imi\u0119 i nazwisko konsumenta(-\u00f3w): &#8230;&#8230;&#8230;&#8230;&#8230;&#8230;&#8230;&#8230;&#8230;&#8230;&#8230;&#8230;&#8230;&#8230;&#8230;&#8230;&#8230;&#8230;&#8230;&#8230;&#8230;&#8230;. <\/p>\n\n\n\n<p>Adres konsumenta(-\u00f3w): &#8230;&#8230;&#8230;&#8230;&#8230;&#8230;&#8230;&#8230;&#8230;&#8230;&#8230;&#8230;&#8230;&#8230;&#8230;&#8230;&#8230;&#8230;&#8230;&#8230;&#8230;&#8230;. &#8230;&#8230;&#8230;&#8230;&#8230;&#8230;&#8230;&#8230;&#8230;&#8230;&#8230;&#8230;&#8230;&#8230;&#8230;&#8230;&#8230;&#8230;&#8230;&#8230;&#8230;&#8230;. <\/p>\n\n\n\n<p>Numer zam\u00f3wienia: &#8230;&#8230;&#8230;&#8230;&#8230;&#8230;&#8230;&#8230;&#8230;&#8230;&#8230;&#8230;&#8230;&#8230;&#8230;&#8230;&#8230;&#8230;&#8230;&#8230;&#8230;&#8230;. <\/p>\n\n\n\n<p>Podpis konsumenta(-\u00f3w): (tylko je\u017celi formularz jest przesy\u0142any w wersji papierowej) &#8230;&#8230;&#8230;&#8230;&#8230;&#8230;&#8230;&#8230;&#8230;&#8230;&#8230;&#8230;&#8230;&#8230;&#8230;&#8230;&#8230;&#8230;&#8230;&#8230;&#8230;&#8230;. <\/p>\n\n\n\n<p>Data: &#8230;&#8230;&#8230;&#8230;&#8230;&#8230;&#8230;&#8230;&#8230;&#8230;&#8230;&#8230;&#8230;&#8230;&#8230;&#8230;&#8230;&#8230;&#8230;&#8230;&#8230;&#8230;. <\/p>\n\n\n\n<p>(*) Niepotrzebne skre\u015bli\u0107.<\/p>\n\n\n\n<p><\/p>\n","protected":false},"excerpt":{"rendered":"<p>oni\u017cej znajdziesz wz\u00f3r, kt\u00f3ry mo\u017cesz wykorzysta\u0107, je\u015bli chcesz zwr\u00f3ci\u0107 zam\u00f3wienie w ci\u0105gu 14 dni: FORMULARZ ODST\u0104PIENIA OD UMOWY ZAWARTEJ NA ODLEG\u0141O\u015a\u0106 (wype\u0142nij i ode\u015blij ten formularz tylko w przypadku ch\u0119ci odst\u0105pienia od umowy) Adresat: [Nazwa sklepu] [Adres e-mail sklepu] Ja\/My() niniejszym informuj\u0119\/informujemy() o moim\/naszym(*) odst\u0105pieniu od umowy sprzeda\u017cy nast\u0119puj\u0105cych rzeczy: Przedmiot odst\u0105pienia: &#8230;&#8230;&#8230;&#8230;&#8230;&#8230;&#8230;&#8230;&#8230;&#8230;&#8230;&#8230;&#8230;&#8230;&#8230;&#8230;&#8230;&#8230;&#8230;&#8230;&#8230;&#8230;&#8230;&#8230;&#8230;&#8230;&#8230;&#8230;&#8230;&#8230;&#8230;&#8230;&#8230;&#8230;&#8230;&#8230;&#8230;.. &#8230;&#8230;&#8230;&#8230;&#8230;&#8230;&#8230;&#8230;&#8230;&#8230;&#8230;&#8230;&#8230;&#8230;&#8230;&#8230;&#8230;&#8230;&#8230;&#8230;&#8230;&#8230;&#8230;&#8230;&#8230;&#8230;&#8230;&#8230;&#8230;&#8230;&#8230;&#8230;&#8230;&#8230;&#8230;&#8230;&#8230;.. Data [&hellip;]<\/p>\n","protected":false},"author":1,"featured_media":0,"parent":0,"menu_order":0,"comment_status":"closed","ping_status":"closed","template":"","meta":{"footnotes":""},"class_list":["post-197","page","type-page","status-publish","hentry"],"_links":{"self":[{"href":"https:\/\/epoxynajka.pl\/index.php\/wp-json\/wp\/v2\/pages\/197","targetHints":{"allow":["GET"]}}],"collection":[{"href":"https:\/\/epoxynajka.pl\/index.php\/wp-json\/wp\/v2\/pages"}],"about":[{"href":"https:\/\/epoxynajka.pl\/index.php\/wp-json\/wp\/v2\/types\/page"}],"author":[{"embeddable":true,"href":"https:\/\/epoxynajka.pl\/index.php\/wp-json\/wp\/v2\/users\/1"}],"replies":[{"embeddable":true,"href":"https:\/\/epoxynajka.pl\/index.php\/wp-json\/wp\/v2\/comments?post=197"}],"version-history":[{"count":1,"href":"https:\/\/epoxynajka.pl\/index.php\/wp-json\/wp\/v2\/pages\/197\/revisions"}],"predecessor-version":[{"id":198,"href":"https:\/\/epoxynajka.pl\/index.php\/wp-json\/wp\/v2\/pages\/197\/revisions\/198"}],"wp:attachment":[{"href":"https:\/\/epoxynajka.pl\/index.php\/wp-json\/wp\/v2\/media?parent=197"}],"curies":[{"name":"wp","href":"https:\/\/api.w.org\/{rel}","templated":true}]}}