{"id":195,"date":"2025-08-21T18:29:57","date_gmt":"2025-08-21T16:29:57","guid":{"rendered":"https:\/\/epoxynajka.pl\/?page_id=195"},"modified":"2025-08-21T18:33:40","modified_gmt":"2025-08-21T16:33:40","slug":"zwroty-i-reklamacje","status":"publish","type":"page","link":"https:\/\/epoxynajka.pl\/index.php\/zwroty-i-reklamacje\/","title":{"rendered":"Zwroty i reklamacje"},"content":{"rendered":"\n<p>1.<strong>ZWROTY<\/strong><\/p>\n\n\n\n<p>1.1 Masz prawo odst\u0105pi\u0107 od umowy w ci\u0105gu 14 dni od otrzymania zam\u00f3wienia \u2013 bez podania przyczyny.<\/p>\n\n\n\n<p>1.2 Aby skorzysta\u0107 z prawa odst\u0105pienia, wystarczy wys\u0142a\u0107 e-mail z informacj\u0105 o rezygnacji i odes\u0142a\u0107 produkt na w\u0142asny koszt. <\/p>\n\n\n\n<p>1.3 Zwrot pieni\u0119dzy nast\u0105pi nie p\u00f3\u017aniej ni\u017c 14 dni od otrzymania zwrotu. <\/p>\n\n\n\n<p>1.4. Prawo odst\u0105pienia nie przys\u0142uguje w przypadku produkt\u00f3w, kt\u00f3re ze wzgl\u0119d\u00f3w higienicznych nie mog\u0105 zosta\u0107 zwr\u00f3cone po otwarciu, je\u015bli opakowanie zosta\u0142o naruszone. <\/p>\n\n\n\n<p>1.5. Zwrotowi nie podlegaj\u0105 r\u00f3wnie\u017c produkty wykonane na specjalne zam\u00f3wienie. <\/p>\n\n\n\n<p><a href=\"https:\/\/epoxynajka.pl\/index.php\/wzor-formularza-odstapienia-od-umowy\/\" data-type=\"page\" data-id=\"197\">Wz\u00f3r formularza odst\u0105pienia od umowy<\/a><\/p>\n\n\n\n<p><strong>2. R<\/strong>EKLAMACJE<\/p>\n\n\n\n<p>2.1. Je\u015bli produkt jest uszkodzony lub niezgodny z opisem, masz prawo do reklamacji. <\/p>\n\n\n\n<p>2.2. W takim przypadku skontaktuj si\u0119 ze mn\u0105 mailowo \u2013 postaram si\u0119 jak najszybciej rozwi\u0105za\u0107 spraw\u0119. <\/p>\n\n\n\n<p>2.3. Reklamacje rozpatrywane s\u0105 w ci\u0105gu 14 dni. <\/p>\n\n\n\n<p>2.4 W przypadku reklamacji zwi\u0105zanej z wad\u0105 produktu lub b\u0142\u0119dem po stronie Sprzedawcy, Sprzedawca zwraca Kupuj\u0105cemu koszty najta\u0144szej dost\u0119pnej formy przesy\u0142ki zgodnie z obowi\u0105zuj\u0105cymi przepisami prawa. Koszty zwrotu produktu do Sprzedawcy oraz ponownej dostawy po uznaniu reklamacji pokrywa Sprzedawca.<\/p>\n\n\n\n<p>2.5 Produkty wykonane s\u0105 z naturalnych materia\u0142\u00f3w (kwiaty, \u017cywica itp.) oraz element\u00f3w bi\u017cuteryjnych. Z biegiem czasu mog\u0105 zachodzi\u0107 naturalne procesy, takie jak: blakni\u0119cie ro\u015blin, zmiana koloru \u017cywicy i innych element\u00f3w pod wp\u0142ywem dzia\u0142ania czynnik\u00f3w atmosferycznych, lekkie przebarwienia czy mikrop\u0119kni\u0119cia. Nie s\u0105 to wady produktu \u2013 nie stanowi\u0105 podstawy do reklamacji. Ka\u017cdy produkt nale\u017cy przechowywa\u0107 z dala od wilgoci, promieniowania UV i wysokiej temperatury, by zachowa\u0142 sw\u00f3j wygl\u0105d jak najd\u0142u\u017cej.<\/p>\n\n\n\n<ol class=\"wp-block-list\"><\/ol>\n\n\n\n<p><\/p>\n","protected":false},"excerpt":{"rendered":"<p>1.ZWROTY 1.1 Masz prawo odst\u0105pi\u0107 od umowy w ci\u0105gu 14 dni od otrzymania zam\u00f3wienia \u2013 bez podania przyczyny. 1.2 Aby skorzysta\u0107 z prawa odst\u0105pienia, wystarczy wys\u0142a\u0107 e-mail z informacj\u0105 o rezygnacji i odes\u0142a\u0107 produkt na w\u0142asny koszt. 1.3 Zwrot pieni\u0119dzy nast\u0105pi nie p\u00f3\u017aniej ni\u017c 14 dni od otrzymania zwrotu. 1.4. Prawo odst\u0105pienia nie przys\u0142uguje w [&hellip;]<\/p>\n","protected":false},"author":1,"featured_media":0,"parent":0,"menu_order":0,"comment_status":"closed","ping_status":"closed","template":"","meta":{"footnotes":""},"class_list":["post-195","page","type-page","status-publish","hentry"],"_links":{"self":[{"href":"https:\/\/epoxynajka.pl\/index.php\/wp-json\/wp\/v2\/pages\/195","targetHints":{"allow":["GET"]}}],"collection":[{"href":"https:\/\/epoxynajka.pl\/index.php\/wp-json\/wp\/v2\/pages"}],"about":[{"href":"https:\/\/epoxynajka.pl\/index.php\/wp-json\/wp\/v2\/types\/page"}],"author":[{"embeddable":true,"href":"https:\/\/epoxynajka.pl\/index.php\/wp-json\/wp\/v2\/users\/1"}],"replies":[{"embeddable":true,"href":"https:\/\/epoxynajka.pl\/index.php\/wp-json\/wp\/v2\/comments?post=195"}],"version-history":[{"count":2,"href":"https:\/\/epoxynajka.pl\/index.php\/wp-json\/wp\/v2\/pages\/195\/revisions"}],"predecessor-version":[{"id":199,"href":"https:\/\/epoxynajka.pl\/index.php\/wp-json\/wp\/v2\/pages\/195\/revisions\/199"}],"wp:attachment":[{"href":"https:\/\/epoxynajka.pl\/index.php\/wp-json\/wp\/v2\/media?parent=195"}],"curies":[{"name":"wp","href":"https:\/\/api.w.org\/{rel}","templated":true}]}}