{"id":185,"date":"2025-08-21T17:45:18","date_gmt":"2025-08-21T15:45:18","guid":{"rendered":"https:\/\/epoxynajka.pl\/?page_id=185"},"modified":"2025-08-21T18:19:19","modified_gmt":"2025-08-21T16:19:19","slug":"polityka-prywatnosci-2","status":"publish","type":"page","link":"https:\/\/epoxynajka.pl\/index.php\/polityka-prywatnosci-2\/","title":{"rendered":"Polityka prywatno\u015bci"},"content":{"rendered":"\n<p>Twoja prywatno\u015b\u0107 jest dla mnie wa\u017cna, dlatego poni\u017cej znajdziesz jasne zasady dotycz\u0105ce przetwarzania danych osobowych: <\/p>\n\n\n\n<p><strong>1. Administrator danych<\/strong><\/p>\n\n\n\n<p>Administratorem Twoich danych osobowych jest: Kinga Pr\u0119gowska E-mail kontaktowy: sklep@epoxynajka.pl <\/p>\n\n\n\n<p><strong>2. Jakie dane zbieram<\/strong><\/p>\n\n\n\n<p>Podczas sk\u0142adania zam\u00f3wienia podajesz: Imi\u0119 i nazwisko Adres dostawy Adres e-mail Numer telefonu Dane te s\u0105 niezb\u0119dne do realizacji zam\u00f3wienia i obs\u0142ugi klienta. <\/p>\n\n\n\n<p><strong>3. W jakim celu przetwarzam dane<\/strong><\/p>\n\n\n\n<p> <em>\u2022\u00a0<\/em>Realizacja zam\u00f3wie\u0144<\/p>\n\n\n\n<p><em>\u2022\u00a0<\/em> Wystawienie faktury<\/p>\n\n\n\n<p> <em>\u2022\u00a0<\/em>Wysy\u0142ka przesy\u0142ki (dane przekazywane firmie kurierskiej)<\/p>\n\n\n\n<p> <em>\u2022\u00a0<\/em>Obs\u0142uga reklamacji i zwrot\u00f3w <\/p>\n\n\n\n<p><em>\u2022\u00a0<\/em>Odpowied\u017a na Twoje wiadomo\u015bci <\/p>\n\n\n\n<p><strong>4. Czas przechowywania danych <\/strong><\/p>\n\n\n\n<p>Dane przechowuj\u0119 tylko tak d\u0142ugo, jak to konieczne \u2013 do momentu zako\u0144czenia procesu zam\u00f3wienia\/reklamacji.<\/p>\n\n\n\n<p><strong>5. Twoje prawa <\/strong><\/p>\n\n\n\n<p>Masz prawo do: dost\u0119pu do swoich danych, sprostowania danych usuni\u0119cia danych (je\u015bli nie s\u0105 wymagane przepisami), ograniczenia przetwarzania, zg\u0142oszenia sprzeciwu czy z\u0142o\u017cenia skargi do Prezesa UODO.<\/p>\n\n\n\n<p><strong>6. Pliki cookies <\/strong><\/p>\n\n\n\n<p>Sklep mo\u017ce wykorzystywa\u0107 pliki cookies w celu zapewnienia prawid\u0142owego dzia\u0142ania strony. Mo\u017cesz nimi zarz\u0105dza\u0107 w ustawieniach swojej przegl\u0105darki.<\/p>\n","protected":false},"excerpt":{"rendered":"<p>Twoja prywatno\u015b\u0107 jest dla mnie wa\u017cna, dlatego poni\u017cej znajdziesz jasne zasady dotycz\u0105ce przetwarzania danych osobowych: 1. Administrator danych Administratorem Twoich danych osobowych jest: Kinga Pr\u0119gowska E-mail kontaktowy: sklep@epoxynajka.pl 2. Jakie dane zbieram Podczas sk\u0142adania zam\u00f3wienia podajesz: Imi\u0119 i nazwisko Adres dostawy Adres e-mail Numer telefonu Dane te s\u0105 niezb\u0119dne do realizacji zam\u00f3wienia i obs\u0142ugi klienta. [&hellip;]<\/p>\n","protected":false},"author":1,"featured_media":0,"parent":0,"menu_order":0,"comment_status":"closed","ping_status":"closed","template":"","meta":{"footnotes":""},"class_list":["post-185","page","type-page","status-publish","hentry"],"_links":{"self":[{"href":"https:\/\/epoxynajka.pl\/index.php\/wp-json\/wp\/v2\/pages\/185","targetHints":{"allow":["GET"]}}],"collection":[{"href":"https:\/\/epoxynajka.pl\/index.php\/wp-json\/wp\/v2\/pages"}],"about":[{"href":"https:\/\/epoxynajka.pl\/index.php\/wp-json\/wp\/v2\/types\/page"}],"author":[{"embeddable":true,"href":"https:\/\/epoxynajka.pl\/index.php\/wp-json\/wp\/v2\/users\/1"}],"replies":[{"embeddable":true,"href":"https:\/\/epoxynajka.pl\/index.php\/wp-json\/wp\/v2\/comments?post=185"}],"version-history":[{"count":2,"href":"https:\/\/epoxynajka.pl\/index.php\/wp-json\/wp\/v2\/pages\/185\/revisions"}],"predecessor-version":[{"id":194,"href":"https:\/\/epoxynajka.pl\/index.php\/wp-json\/wp\/v2\/pages\/185\/revisions\/194"}],"wp:attachment":[{"href":"https:\/\/epoxynajka.pl\/index.php\/wp-json\/wp\/v2\/media?parent=185"}],"curies":[{"name":"wp","href":"https:\/\/api.w.org\/{rel}","templated":true}]}}