{"id":147,"date":"2025-08-05T19:19:53","date_gmt":"2025-08-05T17:19:53","guid":{"rendered":"https:\/\/epoxynajka.pl\/?page_id=147"},"modified":"2025-08-21T17:49:34","modified_gmt":"2025-08-21T15:49:34","slug":"o-nas","status":"publish","type":"page","link":"https:\/\/epoxynajka.pl\/index.php\/o-nas\/","title":{"rendered":"O nas"},"content":{"rendered":"\n<p>Cze\u015b\u0107, mam na imi\u0119 Kinga i witam Ci\u0119 w moim ma\u0142ym \u015bwiecie r\u0119kodzie\u0142a. Moja przygoda z r\u0119kodzie\u0142em z \u017cywicy zacz\u0119\u0142a si\u0119 od&#8230; ogrodu. Z \u017cywic\u0105 zacz\u0119\u0142am pracowa\u0107, bo chcia\u0142am zatrzyma\u0107 te ulotne momenty \u2013 delikatno\u015b\u0107 p\u0142atk\u00f3w, naturalne kolory, faktur\u0119 li\u015bci. Teraz tworz\u0119 z nich bi\u017cuteri\u0119, dekoracje i drobiazgi, kt\u00f3re maj\u0105 w sobie co\u015b z natury, co\u015b z r\u0119cznej pracy i co\u015b z serca. Tworz\u0119 rzeczy z \u017cywicy, w kt\u00f3rej zatapiam prawdziwe ro\u015bliny \u2014 g\u0142\u00f3wnie kwiaty z mojego ogrodu. Ogrodnictwo to moja pasja od lat, wi\u0119c wi\u0119kszo\u015b\u0107 z tego, co trafia do moich prac, sama zasia\u0142am, piel\u0119gnowa\u0142am i zebra\u0142am. Ka\u017cdy przedmiot, kt\u00f3ry tworz\u0119, jest inny \u2014 bo nie ma dw\u00f3ch identycznych ro\u015blin i nie ma dw\u00f3ch takich samych dni w ogrodzie. Je\u015bli lubisz rzeczy niepowtarzalne, pachn\u0105ce latem i tworzone z sercem, to my\u015bl\u0119, \u017ce dobrze trafi\u0142a\u015b\/-e\u015b!<\/p>\n\n\n\n<p><\/p>\n","protected":false},"excerpt":{"rendered":"<p>Cze\u015b\u0107, mam na imi\u0119 Kinga i witam Ci\u0119 w moim ma\u0142ym \u015bwiecie r\u0119kodzie\u0142a. Moja przygoda z r\u0119kodzie\u0142em z \u017cywicy zacz\u0119\u0142a si\u0119 od&#8230; ogrodu. Z \u017cywic\u0105 zacz\u0119\u0142am pracowa\u0107, bo chcia\u0142am zatrzyma\u0107 te ulotne momenty \u2013 delikatno\u015b\u0107 p\u0142atk\u00f3w, naturalne kolory, faktur\u0119 li\u015bci. Teraz tworz\u0119 z nich bi\u017cuteri\u0119, dekoracje i drobiazgi, kt\u00f3re maj\u0105 w sobie co\u015b z natury, [&hellip;]<\/p>\n","protected":false},"author":1,"featured_media":0,"parent":0,"menu_order":0,"comment_status":"closed","ping_status":"closed","template":"","meta":{"footnotes":""},"class_list":["post-147","page","type-page","status-publish","hentry"],"_links":{"self":[{"href":"https:\/\/epoxynajka.pl\/index.php\/wp-json\/wp\/v2\/pages\/147","targetHints":{"allow":["GET"]}}],"collection":[{"href":"https:\/\/epoxynajka.pl\/index.php\/wp-json\/wp\/v2\/pages"}],"about":[{"href":"https:\/\/epoxynajka.pl\/index.php\/wp-json\/wp\/v2\/types\/page"}],"author":[{"embeddable":true,"href":"https:\/\/epoxynajka.pl\/index.php\/wp-json\/wp\/v2\/users\/1"}],"replies":[{"embeddable":true,"href":"https:\/\/epoxynajka.pl\/index.php\/wp-json\/wp\/v2\/comments?post=147"}],"version-history":[{"count":3,"href":"https:\/\/epoxynajka.pl\/index.php\/wp-json\/wp\/v2\/pages\/147\/revisions"}],"predecessor-version":[{"id":187,"href":"https:\/\/epoxynajka.pl\/index.php\/wp-json\/wp\/v2\/pages\/147\/revisions\/187"}],"wp:attachment":[{"href":"https:\/\/epoxynajka.pl\/index.php\/wp-json\/wp\/v2\/media?parent=147"}],"curies":[{"name":"wp","href":"https:\/\/api.w.org\/{rel}","templated":true}]}}